{"id":17968,"date":"2026-04-01T18:15:42","date_gmt":"2026-04-01T18:15:42","guid":{"rendered":"https:\/\/www.safewaycorfu.gr\/?page_id=17968"},"modified":"2026-04-01T18:45:00","modified_gmt":"2026-04-01T18:45:00","slug":"private-transfers-de","status":"publish","type":"page","link":"https:\/\/www.safewaycorfu.gr\/index.php\/de\/private-transfers-de\/","title":{"rendered":"Private Transfers De"},"content":{"rendered":"\t\t<div data-elementor-type=\"wp-page\" data-elementor-id=\"17968\" class=\"elementor elementor-17968\">\n\t\t\t\t<div class=\"elementor-element elementor-element-8fa8900 elementor-hidden-tablet elementor-hidden-mobile e-flex e-con-boxed e-con e-parent\" data-id=\"8fa8900\" data-element_type=\"container\" data-e-type=\"container\">\n\t\t\t\t\t<div class=\"e-con-inner\">\n\t\t<div class=\"elementor-element elementor-element-84d707e e-con-full e-flex e-con e-child\" data-id=\"84d707e\" data-element_type=\"container\" data-e-type=\"container\">\n\t\t\t\t<div class=\"elementor-element elementor-element-780f683 elementor-widget elementor-widget-html\" data-id=\"780f683\" data-element_type=\"widget\" data-e-type=\"widget\" data-settings=\"{&quot;htmega_fe&quot;:&quot;no&quot;}\" data-widget_type=\"html.default\">\n\t\t\t\t\t<style>\n  .simple-container {\n    width: 100%;\n    height: 700px; \/* \u03a1\u03cd\u03b8\u03bc\u03b9\u03c3\u03b5 \u03c4\u03bf \u03cd\u03c8\u03bf\u03c2 \u03c0\u03bf\u03c5 \u03b8\u03ad\u03bb\u03b5\u03b9\u03c2 \u03b5\u03b4\u03ce *\/\n    overflow: hidden;\n  }\n  \n  .simple-container iframe {\n    width: 100%;\n    height: 100%;\n    border: none;\n  }\n<\/style>\n\n<div class=\"simple-container\">\n  <iframe \n    src=\"https:\/\/transfer.iconicguest.com\/booking_engine\/#\/2b88396ef6\">\n  <\/iframe>\n<\/div>\t\t\t\t<\/div>\n\t\t\t\t<\/div>\n\t\t<div class=\"elementor-element elementor-element-a6b70aa e-con-full e-flex e-con e-child\" data-id=\"a6b70aa\" data-element_type=\"container\" data-e-type=\"container\">\n\t\t\t\t<div class=\"elementor-element elementor-element-3174da6 elementor-widget elementor-widget-image\" data-id=\"3174da6\" data-element_type=\"widget\" data-e-type=\"widget\" data-settings=\"{&quot;htmega_fe&quot;:&quot;no&quot;}\" data-widget_type=\"image.default\">\n\t\t\t\t\t\t\t\t\t\t\t\t\t\t\t<img fetchpriority=\"high\" decoding=\"async\" width=\"1280\" height=\"1280\" src=\"https:\/\/www.safewaycorfu.gr\/wp-content\/uploads\/2026\/02\/Safe_Way_Private-Transfers.jpg\" class=\"attachment-full size-full wp-image-17635\" alt=\"\" srcset=\"https:\/\/www.safewaycorfu.gr\/wp-content\/uploads\/2026\/02\/Safe_Way_Private-Transfers.jpg 1280w, https:\/\/www.safewaycorfu.gr\/wp-content\/uploads\/2026\/02\/Safe_Way_Private-Transfers-300x300.jpg 300w, https:\/\/www.safewaycorfu.gr\/wp-content\/uploads\/2026\/02\/Safe_Way_Private-Transfers-1024x1024.jpg 1024w, https:\/\/www.safewaycorfu.gr\/wp-content\/uploads\/2026\/02\/Safe_Way_Private-Transfers-150x150.jpg 150w, https:\/\/www.safewaycorfu.gr\/wp-content\/uploads\/2026\/02\/Safe_Way_Private-Transfers-768x768.jpg 768w, https:\/\/www.safewaycorfu.gr\/wp-content\/uploads\/2026\/02\/Safe_Way_Private-Transfers-306x306.jpg 306w\" sizes=\"(max-width: 1280px) 100vw, 1280px\" \/>\t\t\t\t\t\t\t\t\t\t\t\t\t\t\t<\/div>\n\t\t\t\t<\/div>\n\t\t\t\t\t<\/div>\n\t\t\t\t<\/div>\n\t\t<div class=\"elementor-element elementor-element-4f2d006 elementor-hidden-desktop e-flex e-con-boxed e-con e-parent\" data-id=\"4f2d006\" data-element_type=\"container\" data-e-type=\"container\">\n\t\t\t\t\t<div class=\"e-con-inner\">\n\t\t<div class=\"elementor-element elementor-element-c7a3d3a e-con-full e-flex e-con e-child\" data-id=\"c7a3d3a\" data-element_type=\"container\" data-e-type=\"container\">\n\t\t\t\t<div class=\"elementor-element elementor-element-06c06a9 elementor-widget elementor-widget-image\" data-id=\"06c06a9\" data-element_type=\"widget\" data-e-type=\"widget\" data-settings=\"{&quot;htmega_fe&quot;:&quot;no&quot;}\" data-widget_type=\"image.default\">\n\t\t\t\t\t\t\t\t\t\t\t\t\t\t\t<img fetchpriority=\"high\" decoding=\"async\" width=\"1280\" height=\"1280\" src=\"https:\/\/www.safewaycorfu.gr\/wp-content\/uploads\/2026\/02\/Safe_Way_Private-Transfers.jpg\" class=\"attachment-full size-full wp-image-17635\" alt=\"\" srcset=\"https:\/\/www.safewaycorfu.gr\/wp-content\/uploads\/2026\/02\/Safe_Way_Private-Transfers.jpg 1280w, https:\/\/www.safewaycorfu.gr\/wp-content\/uploads\/2026\/02\/Safe_Way_Private-Transfers-300x300.jpg 300w, https:\/\/www.safewaycorfu.gr\/wp-content\/uploads\/2026\/02\/Safe_Way_Private-Transfers-1024x1024.jpg 1024w, https:\/\/www.safewaycorfu.gr\/wp-content\/uploads\/2026\/02\/Safe_Way_Private-Transfers-150x150.jpg 150w, https:\/\/www.safewaycorfu.gr\/wp-content\/uploads\/2026\/02\/Safe_Way_Private-Transfers-768x768.jpg 768w, https:\/\/www.safewaycorfu.gr\/wp-content\/uploads\/2026\/02\/Safe_Way_Private-Transfers-306x306.jpg 306w\" sizes=\"(max-width: 1280px) 100vw, 1280px\" \/>\t\t\t\t\t\t\t\t\t\t\t\t\t\t\t<\/div>\n\t\t\t\t<\/div>\n\t\t<div class=\"elementor-element elementor-element-c3c248a e-con-full e-flex e-con e-child\" data-id=\"c3c248a\" data-element_type=\"container\" data-e-type=\"container\">\n\t\t\t\t<div class=\"elementor-element elementor-element-5e423d9 elementor-widget elementor-widget-html\" data-id=\"5e423d9\" data-element_type=\"widget\" data-e-type=\"widget\" data-settings=\"{&quot;htmega_fe&quot;:&quot;no&quot;}\" data-widget_type=\"html.default\">\n\t\t\t\t\t<style>\n  .simple-container {\n    width: 100%;\n    height: 700px; \/* \u03a1\u03cd\u03b8\u03bc\u03b9\u03c3\u03b5 \u03c4\u03bf \u03cd\u03c8\u03bf\u03c2 \u03c0\u03bf\u03c5 \u03b8\u03ad\u03bb\u03b5\u03b9\u03c2 \u03b5\u03b4\u03ce *\/\n    overflow: hidden;\n  }\n  \n  .simple-container iframe {\n    width: 100%;\n    height: 100%;\n    border: none;\n  }\n<\/style>\n\n<div class=\"simple-container\">\n  <iframe \n    src=\"https:\/\/transfer.iconicguest.com\/booking_engine\/#\/2b88396ef6\">\n  <\/iframe>\n<\/div>\t\t\t\t<\/div>\n\t\t\t\t<\/div>\n\t\t\t\t\t<\/div>\n\t\t\t\t<\/div>\n\t\t<div class=\"elementor-element elementor-element-fb1e7d7 e-flex e-con-boxed e-con e-parent\" data-id=\"fb1e7d7\" data-element_type=\"container\" data-e-type=\"container\">\n\t\t\t\t\t<div class=\"e-con-inner\">\n\t\t<div class=\"elementor-element elementor-element-0e82452 e-con-full e-flex e-con e-child\" data-id=\"0e82452\" data-element_type=\"container\" data-e-type=\"container\">\n\t\t\t\t<div class=\"elementor-element elementor-element-917098f elementor-widget elementor-widget-image\" data-id=\"917098f\" data-element_type=\"widget\" data-e-type=\"widget\" data-settings=\"{&quot;htmega_fe&quot;:&quot;no&quot;}\" data-widget_type=\"image.default\">\n\t\t\t\t\t\t\t\t\t\t\t\t\t\t\t<img decoding=\"async\" width=\"1280\" height=\"1280\" src=\"https:\/\/www.safewaycorfu.gr\/wp-content\/uploads\/2026\/02\/Safe_Way_Private-Transfers_Ext.jpg\" class=\"attachment-full size-full wp-image-17645\" alt=\"\" srcset=\"https:\/\/www.safewaycorfu.gr\/wp-content\/uploads\/2026\/02\/Safe_Way_Private-Transfers_Ext.jpg 1280w, https:\/\/www.safewaycorfu.gr\/wp-content\/uploads\/2026\/02\/Safe_Way_Private-Transfers_Ext-300x300.jpg 300w, https:\/\/www.safewaycorfu.gr\/wp-content\/uploads\/2026\/02\/Safe_Way_Private-Transfers_Ext-1024x1024.jpg 1024w, https:\/\/www.safewaycorfu.gr\/wp-content\/uploads\/2026\/02\/Safe_Way_Private-Transfers_Ext-150x150.jpg 150w, https:\/\/www.safewaycorfu.gr\/wp-content\/uploads\/2026\/02\/Safe_Way_Private-Transfers_Ext-768x768.jpg 768w, https:\/\/www.safewaycorfu.gr\/wp-content\/uploads\/2026\/02\/Safe_Way_Private-Transfers_Ext-306x306.jpg 306w\" sizes=\"(max-width: 1280px) 100vw, 1280px\" \/>\t\t\t\t\t\t\t\t\t\t\t\t\t\t\t<\/div>\n\t\t\t\t<\/div>\n\t\t<div class=\"elementor-element elementor-element-9f4f9ee e-con-full e-flex e-con e-child\" data-id=\"9f4f9ee\" data-element_type=\"container\" data-e-type=\"container\">\n\t\t<div class=\"elementor-element elementor-element-ed976ac e-con-full e-flex e-con e-child\" data-id=\"ed976ac\" data-element_type=\"container\" data-e-type=\"container\">\n\t\t\t\t<div class=\"elementor-element elementor-element-1725d26 elementor-widget elementor-widget-heading\" data-id=\"1725d26\" data-element_type=\"widget\" data-e-type=\"widget\" data-settings=\"{&quot;htmega_fe&quot;:&quot;no&quot;}\" data-widget_type=\"heading.default\">\n\t\t\t\t\t<h2 class=\"elementor-heading-title elementor-size-default\">VIP Privat-Transfers: Der Inbegriff f\u00fcr luxuri\u00f6ses Reisen<\/h2>\t\t\t\t<\/div>\n\t\t\t\t<\/div>\n\t\t<div class=\"elementor-element elementor-element-1bfad6a e-con-full e-flex e-con e-child\" data-id=\"1bfad6a\" data-element_type=\"container\" data-e-type=\"container\">\n\t\t\t\t<div class=\"elementor-element elementor-element-a87c724 elementor-widget elementor-widget-text-editor\" data-id=\"a87c724\" data-element_type=\"widget\" data-e-type=\"widget\" data-settings=\"{&quot;htmega_fe&quot;:&quot;no&quot;}\" data-widget_type=\"text-editor.default\">\n\t\t\t\t\t\t\t\t\t<p data-path-to-node=\"4\">F\u00fcr den anspruchsvollen Reisenden, der h\u00f6chsten Wert auf Privatsph\u00e4re und Eleganz legt, bietet der Private-Transfer-Service von Safe Way ma\u00dfgeschneiderte Mobilit\u00e4tsl\u00f6sungen. Mit einer modernen Flotte von High-End-Fahrzeugen stellen wir sicher, dass jede Ihrer Fahrten den h\u00f6chsten Standards an Komfort und \u00c4sthetik entspricht.<\/p><ul data-path-to-node=\"5\"><li><p data-path-to-node=\"5,0,0\"><b data-path-to-node=\"5,0,0\" data-index-in-node=\"0\">H\u00f6chste Flottenstandards:<\/b> Hochmoderne, akribisch gewartete Fahrzeuge, die strengste Sicherheits- und Qualit\u00e4tskriterien erf\u00fcllen.<\/p><\/li><li><p data-path-to-node=\"5,1,0\"><b data-path-to-node=\"5,1,0\" data-index-in-node=\"0\">Professionelle Chauffeure:<\/b> Fahrer mit langj\u00e4hriger Erfahrung, tadellosem Auftreten und absoluter Verpflichtung zur Diskretion.<\/p><\/li><li><p data-path-to-node=\"5,2,0\"><b data-path-to-node=\"5,2,0\" data-index-in-node=\"0\">Ma\u00dfgeschneiderte Routen:<\/b> Individuelle Routenplanung basierend auf Ihren spezifischen Anforderungen \u2013 ob f\u00fcr gesch\u00e4ftliche Termine oder exklusive Inseltouren.<\/p><\/li><\/ul>\t\t\t\t\t\t\t\t<\/div>\n\t\t\t\t<\/div>\n\t\t\t\t<\/div>\n\t\t\t\t\t<\/div>\n\t\t\t\t<\/div>\n\t\t\t\t<\/div>\n\t\t","protected":false},"excerpt":{"rendered":"<p>VIP Privat-Transfers: Der Inbegriff f\u00fcr luxuri\u00f6ses Reisen F\u00fcr den anspruchsvollen Reisenden, der h\u00f6chsten Wert auf Privatsph\u00e4re und Eleganz legt, bietet der Private-Transfer-Service von Safe Way ma\u00dfgeschneiderte Mobilit\u00e4tsl\u00f6sungen. Mit einer modernen Flotte von High-End-Fahrzeugen stellen wir sicher, dass jede Ihrer Fahrten den h\u00f6chsten Standards an Komfort und \u00c4sthetik entspricht. H\u00f6chste Flottenstandards: Hochmoderne, akribisch gewartete Fahrzeuge, die [&hellip;]<\/p>\n","protected":false},"author":1,"featured_media":0,"parent":0,"menu_order":0,"comment_status":"closed","ping_status":"closed","template":"","meta":{"footnotes":""},"class_list":["post-17968","page","type-page","status-publish","hentry"],"_links":{"self":[{"href":"https:\/\/www.safewaycorfu.gr\/index.php\/wp-json\/wp\/v2\/pages\/17968","targetHints":{"allow":["GET"]}}],"collection":[{"href":"https:\/\/www.safewaycorfu.gr\/index.php\/wp-json\/wp\/v2\/pages"}],"about":[{"href":"https:\/\/www.safewaycorfu.gr\/index.php\/wp-json\/wp\/v2\/types\/page"}],"author":[{"embeddable":true,"href":"https:\/\/www.safewaycorfu.gr\/index.php\/wp-json\/wp\/v2\/users\/1"}],"replies":[{"embeddable":true,"href":"https:\/\/www.safewaycorfu.gr\/index.php\/wp-json\/wp\/v2\/comments?post=17968"}],"version-history":[{"count":4,"href":"https:\/\/www.safewaycorfu.gr\/index.php\/wp-json\/wp\/v2\/pages\/17968\/revisions"}],"predecessor-version":[{"id":17993,"href":"https:\/\/www.safewaycorfu.gr\/index.php\/wp-json\/wp\/v2\/pages\/17968\/revisions\/17993"}],"wp:attachment":[{"href":"https:\/\/www.safewaycorfu.gr\/index.php\/wp-json\/wp\/v2\/media?parent=17968"}],"curies":[{"name":"wp","href":"https:\/\/api.w.org\/{rel}","templated":true}]}}