{"id":17961,"date":"2026-04-01T17:57:53","date_gmt":"2026-04-01T17:57:53","guid":{"rendered":"https:\/\/www.safewaycorfu.gr\/?page_id=17961"},"modified":"2026-04-01T18:25:37","modified_gmt":"2026-04-01T18:25:37","slug":"port-transfers-de","status":"publish","type":"page","link":"https:\/\/www.safewaycorfu.gr\/index.php\/de\/port-transfers-de\/","title":{"rendered":"Port Transfers De"},"content":{"rendered":"\t\t<div data-elementor-type=\"wp-page\" data-elementor-id=\"17961\" class=\"elementor elementor-17961\">\n\t\t\t\t<div class=\"elementor-element elementor-element-3ecd1a7 elementor-hidden-tablet elementor-hidden-mobile e-flex e-con-boxed e-con e-parent\" data-id=\"3ecd1a7\" data-element_type=\"container\" data-e-type=\"container\">\n\t\t\t\t\t<div class=\"e-con-inner\">\n\t\t<div class=\"elementor-element elementor-element-b861aee e-con-full e-flex e-con e-child\" data-id=\"b861aee\" data-element_type=\"container\" data-e-type=\"container\">\n\t\t\t\t<div class=\"elementor-element elementor-element-1f7d095 elementor-widget elementor-widget-html\" data-id=\"1f7d095\" data-element_type=\"widget\" data-e-type=\"widget\" data-settings=\"{&quot;htmega_fe&quot;:&quot;no&quot;}\" data-widget_type=\"html.default\">\n\t\t\t\t\t<style>\n  .simple-container {\n    width: 100%;\n    height: 700px; \/* \u03a1\u03cd\u03b8\u03bc\u03b9\u03c3\u03b5 \u03c4\u03bf \u03cd\u03c8\u03bf\u03c2 \u03c0\u03bf\u03c5 \u03b8\u03ad\u03bb\u03b5\u03b9\u03c2 \u03b5\u03b4\u03ce *\/\n    overflow: hidden;\n  }\n  \n  .simple-container iframe {\n    width: 100%;\n    height: 100%;\n    border: none;\n  }\n<\/style>\n\n<div class=\"simple-container\">\n  <iframe \n    src=\"https:\/\/transfer.iconicguest.com\/booking_engine\/#\/2b88396ef6\">\n  <\/iframe>\n<\/div>\t\t\t\t<\/div>\n\t\t\t\t<\/div>\n\t\t<div class=\"elementor-element elementor-element-a6ed8de e-con-full e-flex e-con e-child\" data-id=\"a6ed8de\" data-element_type=\"container\" data-e-type=\"container\">\n\t\t\t\t<div class=\"elementor-element elementor-element-b9effb3 elementor-widget elementor-widget-image\" data-id=\"b9effb3\" data-element_type=\"widget\" data-e-type=\"widget\" data-settings=\"{&quot;htmega_fe&quot;:&quot;no&quot;}\" data-widget_type=\"image.default\">\n\t\t\t\t\t\t\t\t\t\t\t\t\t\t\t<img fetchpriority=\"high\" decoding=\"async\" width=\"1536\" height=\"1024\" src=\"https:\/\/www.safewaycorfu.gr\/wp-content\/uploads\/2026\/02\/Safe_Way_Port-Transfers.jpg\" class=\"attachment-full size-full wp-image-17634\" alt=\"\" srcset=\"https:\/\/www.safewaycorfu.gr\/wp-content\/uploads\/2026\/02\/Safe_Way_Port-Transfers.jpg 1536w, https:\/\/www.safewaycorfu.gr\/wp-content\/uploads\/2026\/02\/Safe_Way_Port-Transfers-300x200.jpg 300w, https:\/\/www.safewaycorfu.gr\/wp-content\/uploads\/2026\/02\/Safe_Way_Port-Transfers-1024x683.jpg 1024w, https:\/\/www.safewaycorfu.gr\/wp-content\/uploads\/2026\/02\/Safe_Way_Port-Transfers-768x512.jpg 768w, https:\/\/www.safewaycorfu.gr\/wp-content\/uploads\/2026\/02\/Safe_Way_Port-Transfers-460x306.jpg 460w\" sizes=\"(max-width: 1536px) 100vw, 1536px\" \/>\t\t\t\t\t\t\t\t\t\t\t\t\t\t\t<\/div>\n\t\t\t\t<\/div>\n\t\t\t\t\t<\/div>\n\t\t\t\t<\/div>\n\t\t<div class=\"elementor-element elementor-element-8b4505f elementor-hidden-desktop e-flex e-con-boxed e-con e-parent\" data-id=\"8b4505f\" data-element_type=\"container\" data-e-type=\"container\">\n\t\t\t\t\t<div class=\"e-con-inner\">\n\t\t\t\t<div class=\"elementor-element elementor-element-a495fc9 elementor-widget elementor-widget-image\" data-id=\"a495fc9\" data-element_type=\"widget\" data-e-type=\"widget\" data-settings=\"{&quot;htmega_fe&quot;:&quot;no&quot;}\" data-widget_type=\"image.default\">\n\t\t\t\t\t\t\t\t\t\t\t\t\t\t\t<img decoding=\"async\" width=\"800\" height=\"534\" src=\"https:\/\/www.safewaycorfu.gr\/wp-content\/uploads\/2026\/02\/Safe_Way_Port-Transfers-1024x683.jpg\" class=\"attachment-large size-large wp-image-17634\" alt=\"\" srcset=\"https:\/\/www.safewaycorfu.gr\/wp-content\/uploads\/2026\/02\/Safe_Way_Port-Transfers-1024x683.jpg 1024w, https:\/\/www.safewaycorfu.gr\/wp-content\/uploads\/2026\/02\/Safe_Way_Port-Transfers-300x200.jpg 300w, https:\/\/www.safewaycorfu.gr\/wp-content\/uploads\/2026\/02\/Safe_Way_Port-Transfers-768x512.jpg 768w, https:\/\/www.safewaycorfu.gr\/wp-content\/uploads\/2026\/02\/Safe_Way_Port-Transfers-460x306.jpg 460w, https:\/\/www.safewaycorfu.gr\/wp-content\/uploads\/2026\/02\/Safe_Way_Port-Transfers.jpg 1536w\" sizes=\"(max-width: 800px) 100vw, 800px\" \/>\t\t\t\t\t\t\t\t\t\t\t\t\t\t\t<\/div>\n\t\t\t\t<div class=\"elementor-element elementor-element-7054a4c elementor-widget elementor-widget-html\" data-id=\"7054a4c\" data-element_type=\"widget\" data-e-type=\"widget\" data-settings=\"{&quot;htmega_fe&quot;:&quot;no&quot;}\" data-widget_type=\"html.default\">\n\t\t\t\t\t<style>\n  .simple-container {\n    width: 100%;\n    height: 750px; \/* \u03a1\u03cd\u03b8\u03bc\u03b9\u03c3\u03b5 \u03c4\u03bf \u03cd\u03c8\u03bf\u03c2 \u03c0\u03bf\u03c5 \u03b8\u03ad\u03bb\u03b5\u03b9\u03c2 \u03b5\u03b4\u03ce *\/\n    overflow: hidden;\n  }\n  \n  .simple-container iframe {\n    width: 100%;\n    height: 100%;\n    border: none;\n  }\n<\/style>\n\n<div class=\"simple-container\">\n  <iframe \n    src=\"https:\/\/transfer.iconicguest.com\/booking_engine\/#\/2b88396ef6\">\n  <\/iframe>\n<\/div>\t\t\t\t<\/div>\n\t\t\t\t\t<\/div>\n\t\t\t\t<\/div>\n\t\t<div class=\"elementor-element elementor-element-f6d0f82 e-flex e-con-boxed e-con e-parent\" data-id=\"f6d0f82\" data-element_type=\"container\" data-e-type=\"container\">\n\t\t\t\t\t<div class=\"e-con-inner\">\n\t\t\t\t<div class=\"elementor-element elementor-element-4317dd9 elementor-widget elementor-widget-heading\" data-id=\"4317dd9\" data-element_type=\"widget\" data-e-type=\"widget\" data-settings=\"{&quot;htmega_fe&quot;:&quot;no&quot;}\" data-widget_type=\"heading.default\">\n\t\t\t\t\t<h2 class=\"elementor-heading-title elementor-size-default\">Nahtlose Verbindungen vom Hafen von Korfu<\/h2>\t\t\t\t<\/div>\n\t\t\t\t\t<\/div>\n\t\t\t\t<\/div>\n\t\t<div class=\"elementor-element elementor-element-2cdbe1d e-flex e-con-boxed e-con e-parent\" data-id=\"2cdbe1d\" data-element_type=\"container\" data-e-type=\"container\">\n\t\t\t\t\t<div class=\"e-con-inner\">\n\t\t\t\t<div class=\"elementor-element elementor-element-11a0bb9 elementor-widget elementor-widget-text-editor\" data-id=\"11a0bb9\" data-element_type=\"widget\" data-e-type=\"widget\" data-settings=\"{&quot;htmega_fe&quot;:&quot;no&quot;}\" data-widget_type=\"text-editor.default\">\n\t\t\t\t\t\t\t\t\t<p>Wir bieten spezialisierte Transferl\u00f6sungen f\u00fcr Kreuzfahrt- und F\u00e4hrpassagiere mit Fokus auf Schnelligkeit und reibungslose Abl\u00e4ufe. Safe Way garantiert einen nahtlosen \u00dcbergang vom dynamischen Hafenumfeld in den Komfort Ihres privaten Fahrzeugs.<\/p><ul><li><strong>Marine-Synchronisierung:<\/strong> Optimale Abstimmung mit den Ankunftszeiten der Schiffe minimiert Wartezeiten nach der Ausschiffung.<br \/><br \/><\/li><li><strong>Hohe Kapazit\u00e4t:<\/strong> Unsere Flotte ist f\u00fcr Einzelreisende sowie gr\u00f6\u00dfere Gruppen mit viel Gep\u00e4ck bestens ausgestattet.<br \/><br \/><\/li><li><strong>Strategische Abholpunkte:<\/strong> Wir nutzen die n\u00e4chstgelegenen Abholpunkte an den Piers f\u00fcr maximalen Komfort und k\u00fcrzeste Wege.<\/li><\/ul>\t\t\t\t\t\t\t\t<\/div>\n\t\t\t\t\t<\/div>\n\t\t\t\t<\/div>\n\t\t\t\t<\/div>\n\t\t","protected":false},"excerpt":{"rendered":"<p>Nahtlose Verbindungen vom Hafen von Korfu Wir bieten spezialisierte Transferl\u00f6sungen f\u00fcr Kreuzfahrt- und F\u00e4hrpassagiere mit Fokus auf Schnelligkeit und reibungslose Abl\u00e4ufe. Safe Way garantiert einen nahtlosen \u00dcbergang vom dynamischen Hafenumfeld in den Komfort Ihres privaten Fahrzeugs. Marine-Synchronisierung: Optimale Abstimmung mit den Ankunftszeiten der Schiffe minimiert Wartezeiten nach der Ausschiffung. Hohe Kapazit\u00e4t: Unsere Flotte ist f\u00fcr [&hellip;]<\/p>\n","protected":false},"author":1,"featured_media":0,"parent":0,"menu_order":0,"comment_status":"closed","ping_status":"closed","template":"","meta":{"footnotes":""},"class_list":["post-17961","page","type-page","status-publish","hentry"],"_links":{"self":[{"href":"https:\/\/www.safewaycorfu.gr\/index.php\/wp-json\/wp\/v2\/pages\/17961","targetHints":{"allow":["GET"]}}],"collection":[{"href":"https:\/\/www.safewaycorfu.gr\/index.php\/wp-json\/wp\/v2\/pages"}],"about":[{"href":"https:\/\/www.safewaycorfu.gr\/index.php\/wp-json\/wp\/v2\/types\/page"}],"author":[{"embeddable":true,"href":"https:\/\/www.safewaycorfu.gr\/index.php\/wp-json\/wp\/v2\/users\/1"}],"replies":[{"embeddable":true,"href":"https:\/\/www.safewaycorfu.gr\/index.php\/wp-json\/wp\/v2\/comments?post=17961"}],"version-history":[{"count":4,"href":"https:\/\/www.safewaycorfu.gr\/index.php\/wp-json\/wp\/v2\/pages\/17961\/revisions"}],"predecessor-version":[{"id":17979,"href":"https:\/\/www.safewaycorfu.gr\/index.php\/wp-json\/wp\/v2\/pages\/17961\/revisions\/17979"}],"wp:attachment":[{"href":"https:\/\/www.safewaycorfu.gr\/index.php\/wp-json\/wp\/v2\/media?parent=17961"}],"curies":[{"name":"wp","href":"https:\/\/api.w.org\/{rel}","templated":true}]}}