{"id":17956,"date":"2026-04-01T17:28:49","date_gmt":"2026-04-01T17:28:49","guid":{"rendered":"https:\/\/www.safewaycorfu.gr\/?page_id=17956"},"modified":"2026-04-01T19:02:35","modified_gmt":"2026-04-01T19:02:35","slug":"airport-transfers-de","status":"publish","type":"page","link":"https:\/\/www.safewaycorfu.gr\/index.php\/de\/airport-transfers-de\/","title":{"rendered":"Airport Transfers De"},"content":{"rendered":"\t\t<div data-elementor-type=\"wp-page\" data-elementor-id=\"17956\" class=\"elementor elementor-17956\">\n\t\t\t\t<div class=\"elementor-element elementor-element-a0cb729 elementor-hidden-tablet elementor-hidden-mobile e-flex e-con-boxed e-con e-parent\" data-id=\"a0cb729\" data-element_type=\"container\" data-e-type=\"container\">\n\t\t\t\t\t<div class=\"e-con-inner\">\n\t\t<div class=\"elementor-element elementor-element-c490a33 e-con-full e-flex e-con e-child\" data-id=\"c490a33\" data-element_type=\"container\" data-e-type=\"container\">\n\t\t\t\t<div class=\"elementor-element elementor-element-cfa541c elementor-widget elementor-widget-html\" data-id=\"cfa541c\" data-element_type=\"widget\" data-e-type=\"widget\" data-settings=\"{&quot;htmega_fe&quot;:&quot;no&quot;}\" data-widget_type=\"html.default\">\n\t\t\t\t\t<style>\n  .simple-container {\n    width: 100%;\n    height: 700px; \/* \u03a1\u03cd\u03b8\u03bc\u03b9\u03c3\u03b5 \u03c4\u03bf \u03cd\u03c8\u03bf\u03c2 \u03c0\u03bf\u03c5 \u03b8\u03ad\u03bb\u03b5\u03b9\u03c2 \u03b5\u03b4\u03ce *\/\n    overflow: hidden;\n  }\n  \n  .simple-container iframe {\n    width: 100%;\n    height: 100%;\n    border: none;\n  }\n<\/style>\n\n<div class=\"simple-container\">\n  <iframe \n    src=\"https:\/\/transfer.iconicguest.com\/booking_engine\/#\/2b88396ef6\">\n  <\/iframe>\n<\/div>\t\t\t\t<\/div>\n\t\t\t\t<\/div>\n\t\t<div class=\"elementor-element elementor-element-9de1c4f e-con-full e-flex e-con e-child\" data-id=\"9de1c4f\" data-element_type=\"container\" data-e-type=\"container\">\n\t\t\t\t<div class=\"elementor-element elementor-element-7ee102e elementor-widget elementor-widget-image\" data-id=\"7ee102e\" data-element_type=\"widget\" data-e-type=\"widget\" data-settings=\"{&quot;htmega_fe&quot;:&quot;no&quot;}\" data-widget_type=\"image.default\">\n\t\t\t\t\t\t\t\t\t\t\t\t\t\t\t<img fetchpriority=\"high\" decoding=\"async\" width=\"1536\" height=\"1024\" src=\"https:\/\/www.safewaycorfu.gr\/wp-content\/uploads\/2026\/02\/Safe_Way_Airport-Transfers.jpg\" class=\"attachment-full size-full wp-image-17632\" alt=\"\" srcset=\"https:\/\/www.safewaycorfu.gr\/wp-content\/uploads\/2026\/02\/Safe_Way_Airport-Transfers.jpg 1536w, https:\/\/www.safewaycorfu.gr\/wp-content\/uploads\/2026\/02\/Safe_Way_Airport-Transfers-300x200.jpg 300w, https:\/\/www.safewaycorfu.gr\/wp-content\/uploads\/2026\/02\/Safe_Way_Airport-Transfers-1024x683.jpg 1024w, https:\/\/www.safewaycorfu.gr\/wp-content\/uploads\/2026\/02\/Safe_Way_Airport-Transfers-768x512.jpg 768w, https:\/\/www.safewaycorfu.gr\/wp-content\/uploads\/2026\/02\/Safe_Way_Airport-Transfers-460x306.jpg 460w\" sizes=\"(max-width: 1536px) 100vw, 1536px\" \/>\t\t\t\t\t\t\t\t\t\t\t\t\t\t\t<\/div>\n\t\t\t\t<\/div>\n\t\t\t\t\t<\/div>\n\t\t\t\t<\/div>\n\t\t<div class=\"elementor-element elementor-element-6ab405e elementor-hidden-desktop e-flex e-con-boxed e-con e-parent\" data-id=\"6ab405e\" data-element_type=\"container\" data-e-type=\"container\">\n\t\t\t\t\t<div class=\"e-con-inner\">\n\t\t\t\t<div class=\"elementor-element elementor-element-efd8382 elementor-widget elementor-widget-image\" data-id=\"efd8382\" data-element_type=\"widget\" data-e-type=\"widget\" data-settings=\"{&quot;htmega_fe&quot;:&quot;no&quot;}\" data-widget_type=\"image.default\">\n\t\t\t\t\t\t\t\t\t\t\t\t\t\t\t<img decoding=\"async\" width=\"800\" height=\"534\" src=\"https:\/\/www.safewaycorfu.gr\/wp-content\/uploads\/2026\/02\/Safe_Way_Airport-Transfers-1024x683.jpg\" class=\"attachment-large size-large wp-image-17632\" alt=\"\" srcset=\"https:\/\/www.safewaycorfu.gr\/wp-content\/uploads\/2026\/02\/Safe_Way_Airport-Transfers-1024x683.jpg 1024w, https:\/\/www.safewaycorfu.gr\/wp-content\/uploads\/2026\/02\/Safe_Way_Airport-Transfers-300x200.jpg 300w, https:\/\/www.safewaycorfu.gr\/wp-content\/uploads\/2026\/02\/Safe_Way_Airport-Transfers-768x512.jpg 768w, https:\/\/www.safewaycorfu.gr\/wp-content\/uploads\/2026\/02\/Safe_Way_Airport-Transfers-460x306.jpg 460w, https:\/\/www.safewaycorfu.gr\/wp-content\/uploads\/2026\/02\/Safe_Way_Airport-Transfers.jpg 1536w\" sizes=\"(max-width: 800px) 100vw, 800px\" \/>\t\t\t\t\t\t\t\t\t\t\t\t\t\t\t<\/div>\n\t\t\t\t<div class=\"elementor-element elementor-element-2abd4a4 elementor-widget elementor-widget-html\" data-id=\"2abd4a4\" data-element_type=\"widget\" data-e-type=\"widget\" data-settings=\"{&quot;htmega_fe&quot;:&quot;no&quot;}\" data-widget_type=\"html.default\">\n\t\t\t\t\t<style>\n  .simple-container {\n    width: 100%;\n    height: 750px; \/* \u03a1\u03cd\u03b8\u03bc\u03b9\u03c3\u03b5 \u03c4\u03bf \u03cd\u03c8\u03bf\u03c2 \u03c0\u03bf\u03c5 \u03b8\u03ad\u03bb\u03b5\u03b9\u03c2 \u03b5\u03b4\u03ce *\/\n    overflow: hidden;\n  }\n  \n  .simple-container iframe {\n    width: 100%;\n    height: 100%;\n    border: none;\n  }\n<\/style>\n\n<div class=\"simple-container\">\n  <iframe \n    src=\"https:\/\/transfer.iconicguest.com\/booking_engine\/#\/2b88396ef6\">\n  <\/iframe>\n<\/div>\t\t\t\t<\/div>\n\t\t\t\t\t<\/div>\n\t\t\t\t<\/div>\n\t\t<div class=\"elementor-element elementor-element-b52308d e-flex e-con-boxed e-con e-parent\" data-id=\"b52308d\" data-element_type=\"container\" data-e-type=\"container\">\n\t\t\t\t\t<div class=\"e-con-inner\">\n\t\t\t\t<div class=\"elementor-element elementor-element-746b530 elementor-widget elementor-widget-heading\" data-id=\"746b530\" data-element_type=\"widget\" data-e-type=\"widget\" data-settings=\"{&quot;htmega_fe&quot;:&quot;no&quot;}\" data-widget_type=\"heading.default\">\n\t\t\t\t\t<h2 class=\"elementor-heading-title elementor-size-default\">Ein erstklassiges Ankunftserlebnis am Internationalen Flughafen Korfu<\/h2>\t\t\t\t<\/div>\n\t\t\t\t<div class=\"elementor-element elementor-element-d3f7c17 elementor-widget elementor-widget-text-editor\" data-id=\"d3f7c17\" data-element_type=\"widget\" data-e-type=\"widget\" data-settings=\"{&quot;htmega_fe&quot;:&quot;no&quot;}\" data-widget_type=\"text-editor.default\">\n\t\t\t\t\t\t\t\t\t<blockquote data-path-to-node=\"4\"><p data-path-to-node=\"4\">Ihre Ankunft am Flughafen \u201eIoannis Kapodistrias\u201c ist der Auftakt zu einem exquisiten Inselerlebnis. Bei Safe Way definieren wir den Flughafentransfer durch kompromisslose P\u00fcnktlichkeit und h\u00f6chste Servicestandards neu.<\/p><ul data-path-to-node=\"5\"><li><p data-path-to-node=\"5,0,0\"><b data-path-to-node=\"5,0,0\" data-index-in-node=\"0\">Flug\u00fcberwachung in Echtzeit:<\/b> Unsere Zentrale verfolgt Ihren Flugstatus in Echtzeit. So stellen wir sicher, dass Ihr Fahrer auch bei unvorhersehbaren Flugplan\u00e4nderungen p\u00fcnktlich f\u00fcr Sie bereitsteht.<\/p><\/li><li><p data-path-to-node=\"5,1,0\"><b data-path-to-node=\"5,1,0\" data-index-in-node=\"0\">Exklusives Meet &amp; Greet:<\/b> Professioneller Empfang direkt in der Ankunftshalle inklusive sofortiger Unterst\u00fctzung mit Ihrem Gep\u00e4ck.<\/p><\/li><li><p data-path-to-node=\"5,2,0\"><b data-path-to-node=\"5,2,0\" data-index-in-node=\"0\">Priorit\u00e4ts-Transfer:<\/b> Schnelle und direkte Bef\u00f6rderung zu Ihrem Ziel \u2013 ganz ohne die \u00fcblichen Verz\u00f6gerungen durch \u00f6ffentliche Verkehrsmittel oder Warteschlangen an herk\u00f6mmlichen Taxist\u00e4nden.<\/p><\/li><\/ul><\/blockquote>\t\t\t\t\t\t\t\t<\/div>\n\t\t\t\t\t<\/div>\n\t\t\t\t<\/div>\n\t\t\t\t<\/div>\n\t\t","protected":false},"excerpt":{"rendered":"<p>Ein erstklassiges Ankunftserlebnis am Internationalen Flughafen Korfu Ihre Ankunft am Flughafen \u201eIoannis Kapodistrias\u201c ist der Auftakt zu einem exquisiten Inselerlebnis. Bei Safe Way definieren wir den Flughafentransfer durch kompromisslose P\u00fcnktlichkeit und h\u00f6chste Servicestandards neu. Flug\u00fcberwachung in Echtzeit: Unsere Zentrale verfolgt Ihren Flugstatus in Echtzeit. So stellen wir sicher, dass Ihr Fahrer auch bei unvorhersehbaren Flugplan\u00e4nderungen [&hellip;]<\/p>\n","protected":false},"author":1,"featured_media":0,"parent":0,"menu_order":0,"comment_status":"closed","ping_status":"closed","template":"","meta":{"footnotes":""},"class_list":["post-17956","page","type-page","status-publish","hentry"],"_links":{"self":[{"href":"https:\/\/www.safewaycorfu.gr\/index.php\/wp-json\/wp\/v2\/pages\/17956","targetHints":{"allow":["GET"]}}],"collection":[{"href":"https:\/\/www.safewaycorfu.gr\/index.php\/wp-json\/wp\/v2\/pages"}],"about":[{"href":"https:\/\/www.safewaycorfu.gr\/index.php\/wp-json\/wp\/v2\/types\/page"}],"author":[{"embeddable":true,"href":"https:\/\/www.safewaycorfu.gr\/index.php\/wp-json\/wp\/v2\/users\/1"}],"replies":[{"embeddable":true,"href":"https:\/\/www.safewaycorfu.gr\/index.php\/wp-json\/wp\/v2\/comments?post=17956"}],"version-history":[{"count":4,"href":"https:\/\/www.safewaycorfu.gr\/index.php\/wp-json\/wp\/v2\/pages\/17956\/revisions"}],"predecessor-version":[{"id":18006,"href":"https:\/\/www.safewaycorfu.gr\/index.php\/wp-json\/wp\/v2\/pages\/17956\/revisions\/18006"}],"wp:attachment":[{"href":"https:\/\/www.safewaycorfu.gr\/index.php\/wp-json\/wp\/v2\/media?parent=17956"}],"curies":[{"name":"wp","href":"https:\/\/api.w.org\/{rel}","templated":true}]}}